{"id":449,"date":"2014-09-22T08:46:05","date_gmt":"2014-09-22T08:46:05","guid":{"rendered":"http:\/\/tontolabici.com\/egcomunicacion\/?page_id=449"},"modified":"2017-02-17T13:46:16","modified_gmt":"2017-02-17T13:46:16","slug":"449-2-2","status":"publish","type":"page","link":"https:\/\/egcomunicacion.es\/egcomunicacion\/","title":{"rendered":"Home"},"content":{"rendered":"<p>[et_pb_section admin_label=\u00bbSecci\u00f3n\u00bb transparent_background=\u00bboff\u00bb allow_player_pause=\u00bbon\u00bb inner_shadow=\u00bboff\u00bb parallax=\u00bboff\u00bb parallax_method=\u00bboff\u00bb padding_mobile=\u00bboff\u00bb make_fullwidth=\u00bboff\u00bb use_custom_width=\u00bboff\u00bb width_unit=\u00bbon\u00bb make_equal=\u00bboff\u00bb use_custom_gutter=\u00bboff\u00bb fullwidth=\u00bbon\u00bb specialty=\u00bboff\u00bb disabled_on=\u00bboff|off|\u00bb disabled=\u00bboff\u00bb background_video_mp4=\u00bbhttp:\/\/www.egcomunicacion.es\/wp-content\/uploads\/2017\/01\/1080-x-500_1.mp4&#8243; background_image=\u00bbhttp:\/\/www.egcomunicacion.es\/wp-content\/uploads\/2014\/09\/Saint-Malo.jpg\u00bb][et_pb_fullwidth_header admin_label=\u00bbT\u00edtulo de anchura completa\u00bb background_layout=\u00bbdark\u00bb text_orientation=\u00bbcenter\u00bb header_fullscreen=\u00bboff\u00bb header_scroll_down=\u00bboff\u00bb parallax=\u00bboff\u00bb parallax_method=\u00bboff\u00bb content_orientation=\u00bbcenter\u00bb image_orientation=\u00bbcenter\u00bb disabled_on=\u00bboff||\u00bb custom_button_one=\u00bboff\u00bb button_one_letter_spacing=\u00bb0&#8243; button_one_use_icon=\u00bbdefault\u00bb button_one_icon_placement=\u00bbright\u00bb button_one_on_hover=\u00bbon\u00bb button_one_letter_spacing_hover=\u00bb0&#8243; custom_button_two=\u00bboff\u00bb button_two_letter_spacing=\u00bb0&#8243; button_two_use_icon=\u00bbdefault\u00bb button_two_icon_placement=\u00bbright\u00bb button_two_on_hover=\u00bbon\u00bb button_two_letter_spacing_hover=\u00bb0&#8243; disabled=\u00bboff\u00bb background_color=\u00bbrgba(0,0,0,0)\u00bb]<\/p>\n<pre><\/pre>\n<h1 style=\"text-align: center;\">Bienvenido a<\/h1>\n<h1 style=\"text-align: center;\"><strong>EG COMUNICACI\u00d3N<\/strong><\/h1>\n<p>&nbsp;<\/p>\n<p>&nbsp;<\/p>\n<p>&nbsp;<\/p>\n<p>&nbsp;<\/p>\n<p>&nbsp;<\/p>\n<p>&nbsp;<\/p>\n<p>&nbsp;<\/p>\n<p>&nbsp;<\/p>\n<p>&nbsp;<\/p>\n<p>&nbsp;<\/p>\n<p>&nbsp;<\/p>\n<p>&nbsp;<\/p>\n<p>&nbsp;<\/p>\n<p>&nbsp;<\/p>\n<p>&nbsp;<\/p>\n<p>&nbsp;<\/p>\n<p>&nbsp;<\/p>\n<p>&nbsp;<\/p>\n<p>&nbsp;<\/p>\n<p>&nbsp;<\/p>\n<p>&nbsp;<\/p>\n<p>&nbsp;<\/p>\n<p>&nbsp;<\/p>\n<p>[\/et_pb_fullwidth_header][\/et_pb_section][et_pb_section admin_label=\u00bbsection\u00bb transparent_background=\u00bboff\u00bb allow_player_pause=\u00bboff\u00bb inner_shadow=\u00bboff\u00bb parallax=\u00bboff\u00bb parallax_method=\u00bboff\u00bb padding_mobile=\u00bboff\u00bb make_fullwidth=\u00bboff\u00bb use_custom_width=\u00bboff\u00bb width_unit=\u00bboff\u00bb make_equal=\u00bboff\u00bb use_custom_gutter=\u00bboff\u00bb fullwidth=\u00bboff\u00bb specialty=\u00bboff\u00bb disabled=\u00bboff\u00bb][et_pb_row admin_label=\u00bbFila\u00bb][et_pb_column type=\u00bb4_4&#8243;][et_pb_text admin_label=\u00bbTexto\u00bb background_layout=\u00bblight\u00bb text_orientation=\u00bbleft\u00bb use_border_color=\u00bboff\u00bb border_style=\u00bbsolid\u00bb disabled=\u00bboff\u00bb border_color=\u00bb#ffffff\u00bb]<\/p>\n<h1 style=\"text-align: center;\"><strong>Servicios:<\/strong><\/h1>\n<p>&nbsp;<\/p>\n<p>[\/et_pb_text][\/et_pb_column][\/et_pb_row][et_pb_row admin_label=\u00bbrow\u00bb make_fullwidth=\u00bboff\u00bb use_custom_width=\u00bbon\u00bb width_unit=\u00bbon\u00bb use_custom_gutter=\u00bboff\u00bb padding_mobile=\u00bboff\u00bb allow_player_pause=\u00bboff\u00bb parallax=\u00bboff\u00bb parallax_method=\u00bbon\u00bb make_equal=\u00bboff\u00bb column_padding_mobile=\u00bbon\u00bb parallax_1=\u00bboff\u00bb parallax_method_1=\u00bbon\u00bb parallax_2=\u00bboff\u00bb parallax_method_2=\u00bbon\u00bb parallax_3=\u00bboff\u00bb parallax_method_3=\u00bbon\u00bb parallax_4=\u00bboff\u00bb parallax_method_4=\u00bbon\u00bb disabled=\u00bboff\u00bb][et_pb_column type=\u00bb1_4&#8243;][et_pb_image admin_label=\u00bbImage\u00bb src=\u00bbhttp:\/\/www.egcomunicacion.es\/wp-content\/uploads\/2014\/09\/elementos-graficos_gris-02.png\u00bb show_in_lightbox=\u00bboff\u00bb url=\u00bbhttp:\/\/www.egcomunicacion.es\/audiovisuales\/\u00bb url_new_window=\u00bboff\u00bb use_overlay=\u00bbon\u00bb sticky=\u00bboff\u00bb align=\u00bbleft\u00bb force_fullwidth=\u00bboff\u00bb always_center_on_mobile=\u00bbon\u00bb use_border_color=\u00bboff\u00bb border_color=\u00bb#ffffff\u00bb border_style=\u00bbsolid\u00bb disabled=\u00bboff\u00bb animation=\u00bbfade_in\u00bb overlay_icon_color=\u00bb#898989&#8243; hover_overlay_color=\u00bbrgba(255,255,255,0.42)\u00bb hover_icon=\u00bb%%49%%\u00bb] [\/et_pb_image][et_pb_text admin_label=\u00bbText\u00bb background_layout=\u00bblight\u00bb text_orientation=\u00bbleft\u00bb use_border_color=\u00bboff\u00bb border_style=\u00bbsolid\u00bb disabled=\u00bboff\u00bb border_color=\u00bb#ffffff\u00bb]<\/p>\n<p style=\"text-align: left;\">Creamos contenidos con <strong>lenguaje audiovisual profesional<\/strong> para convertir las im\u00e1genes en <strong>emociones<\/strong>.<\/p>\n<p>[\/et_pb_text][\/et_pb_column][et_pb_column type=\u00bb1_4&#8243;][et_pb_image admin_label=\u00bbImage\u00bb src=\u00bbhttp:\/\/www.egcomunicacion.es\/wp-content\/uploads\/2014\/09\/elementos-graficos_gris-03.png\u00bb show_in_lightbox=\u00bboff\u00bb url=\u00bbhttp:\/\/www.egcomunicacion.es\/fotografia\/\u00bb url_new_window=\u00bboff\u00bb use_overlay=\u00bbon\u00bb sticky=\u00bboff\u00bb align=\u00bbleft\u00bb force_fullwidth=\u00bboff\u00bb always_center_on_mobile=\u00bbon\u00bb use_border_color=\u00bboff\u00bb border_color=\u00bb#ffffff\u00bb border_style=\u00bbsolid\u00bb disabled=\u00bboff\u00bb overlay_icon_color=\u00bb#777777&#8243; hover_overlay_color=\u00bbrgba(255,255,255,0.42)\u00bb hover_icon=\u00bb%%49%%\u00bb animation=\u00bbfade_in\u00bb] [\/et_pb_image][et_pb_text admin_label=\u00bbText\u00bb background_layout=\u00bblight\u00bb text_orientation=\u00bbleft\u00bb use_border_color=\u00bboff\u00bb border_style=\u00bbsolid\u00bb disabled=\u00bboff\u00bb border_color=\u00bb#ffffff\u00bb]<\/p>\n<div>El esfuerzo por obtener la mejor instant\u00e1nea con una\u00a0edici\u00f3n\u00a0<strong>profesional<\/strong>, dan como resultado un producto <strong>m\u00e1s atractivo<\/strong>.<\/div>\n<p>&nbsp;<\/p>\n<p>[\/et_pb_text][\/et_pb_column][et_pb_column type=\u00bb1_4&#8243;][et_pb_image admin_label=\u00bbImage\u00bb src=\u00bbhttp:\/\/www.egcomunicacion.es\/wp-content\/uploads\/2014\/09\/elementos-graficos_gris-04.png\u00bb show_in_lightbox=\u00bboff\u00bb url=\u00bbhttp:\/\/www.egcomunicacion.es\/diseno-grafico\/\u00bb url_new_window=\u00bboff\u00bb use_overlay=\u00bbon\u00bb sticky=\u00bboff\u00bb align=\u00bbleft\u00bb force_fullwidth=\u00bboff\u00bb always_center_on_mobile=\u00bbon\u00bb use_border_color=\u00bboff\u00bb border_color=\u00bb#ffffff\u00bb border_style=\u00bbsolid\u00bb disabled=\u00bboff\u00bb overlay_icon_color=\u00bb#7a7a7a\u00bb hover_overlay_color=\u00bbrgba(255,255,255,0.42)\u00bb hover_icon=\u00bb%%49%%\u00bb animation=\u00bbfade_in\u00bb] [\/et_pb_image][et_pb_text admin_label=\u00bbText\u00bb background_layout=\u00bblight\u00bb text_orientation=\u00bbleft\u00bb use_border_color=\u00bboff\u00bb border_style=\u00bbsolid\u00bb disabled=\u00bboff\u00bb border_color=\u00bb#ffffff\u00bb]<\/p>\n<div id=\"mk-page-title-box-13\" class=\"mk-page-title-box \" data-mk-img-set=\"{&quot;responsive&quot;:&quot;true&quot;}\">\n<div class=\"mk-page-title-box-content\">\n<div class=\"mk-grid\">\n<p class=\"mk-page-title-box-title mk-page-title-box-title--underline\">Damos forma y color a <strong>tus productos<\/strong> para que tengan el<strong> impacto visual<\/strong> que merecen.<\/p>\n<\/div>\n<\/div>\n<\/div>\n<p>[\/et_pb_text][\/et_pb_column][et_pb_column type=\u00bb1_4&#8243;][et_pb_image admin_label=\u00bbImage\u00bb src=\u00bbhttp:\/\/www.egcomunicacion.es\/wp-content\/uploads\/2014\/09\/elementos-graficos_gris-05.png\u00bb show_in_lightbox=\u00bboff\u00bb url=\u00bbhttp:\/\/www.egcomunicacion.es\/comunicacion\/\u00bb url_new_window=\u00bboff\u00bb use_overlay=\u00bbon\u00bb sticky=\u00bboff\u00bb align=\u00bbleft\u00bb force_fullwidth=\u00bboff\u00bb always_center_on_mobile=\u00bbon\u00bb use_border_color=\u00bboff\u00bb border_color=\u00bb#ffffff\u00bb border_style=\u00bbsolid\u00bb disabled=\u00bboff\u00bb overlay_icon_color=\u00bb#7a7a7a\u00bb hover_overlay_color=\u00bbrgba(255,255,255,0.42)\u00bb hover_icon=\u00bb%%49%%\u00bb animation=\u00bbleft\u00bb] [\/et_pb_image][et_pb_text admin_label=\u00bbText\u00bb background_layout=\u00bblight\u00bb text_orientation=\u00bbleft\u00bb use_border_color=\u00bboff\u00bb border_style=\u00bbsolid\u00bb disabled=\u00bboff\u00bb border_color=\u00bb#ffffff\u00bb]<\/p>\n<p>Incrementamos <strong>tu presencia<\/strong> y <strong>buena imagen<\/strong> online para generar <strong>m\u00e1s clientes a un bajo coste<\/strong>.<\/p>\n<p>[\/et_pb_text][\/et_pb_column][\/et_pb_row][\/et_pb_section][et_pb_section admin_label=\u00bbSecci\u00f3n\u00bb fullwidth=\u00bboff\u00bb specialty=\u00bboff\u00bb transparent_background=\u00bboff\u00bb background_color=\u00bb#f7f7f7&#8243; allow_player_pause=\u00bboff\u00bb inner_shadow=\u00bboff\u00bb parallax=\u00bbon\u00bb parallax_method=\u00bbon\u00bb padding_mobile=\u00bboff\u00bb make_fullwidth=\u00bboff\u00bb use_custom_width=\u00bboff\u00bb width_unit=\u00bbon\u00bb make_equal=\u00bboff\u00bb use_custom_gutter=\u00bboff\u00bb background_image=\u00bbhttp:\/\/www.egcomunicacion.es\/wp-content\/uploads\/2013\/10\/audiovisuales_camara.jpg\u00bb][et_pb_row admin_label=\u00bbFila\u00bb make_fullwidth=\u00bboff\u00bb use_custom_width=\u00bbon\u00bb width_unit=\u00bbon\u00bb use_custom_gutter=\u00bbon\u00bb gutter_width=\u00bb0&#8243; padding_mobile=\u00bbon\u00bb allow_player_pause=\u00bboff\u00bb parallax=\u00bboff\u00bb parallax_method=\u00bboff\u00bb make_equal=\u00bbon\u00bb parallax_1=\u00bboff\u00bb parallax_method_1=\u00bboff\u00bb column_padding_mobile=\u00bbon\u00bb][et_pb_column type=\u00bb4_4&#8243;][et_pb_text admin_label=\u00bbTexto\u00bb background_layout=\u00bblight\u00bb text_orientation=\u00bbleft\u00bb use_border_color=\u00bboff\u00bb border_style=\u00bbsolid\u00bb disabled=\u00bboff\u00bb border_color=\u00bb#ffffff\u00bb]<\/p>\n<h1 style=\"text-align: center;\"><strong>Trabajos destacados:<\/strong><\/h1>\n<p>&nbsp;<\/p>\n<p>[\/et_pb_text][et_pb_portfolio admin_label=\u00bbPortafolios\u00bb fullwidth=\u00bboff\u00bb posts_number=\u00bb16&#8243; include_categories=\u00bb22,28,13,16,17,23&#8243; show_title=\u00bboff\u00bb show_categories=\u00bboff\u00bb show_pagination=\u00bboff\u00bb background_layout=\u00bblight\u00bb hover_overlay_color=\u00bbrgba(255,255,255,0.9)\u00bb use_border_color=\u00bboff\u00bb border_color=\u00bb#ffffff\u00bb border_style=\u00bbsolid\u00bb disabled=\u00bboff\u00bb disabled_on=\u00bbon||\u00bb] [\/et_pb_portfolio][\/et_pb_column][\/et_pb_row][\/et_pb_section][et_pb_section admin_label=\u00bbSecci\u00f3n\u00bb transparent_background=\u00bboff\u00bb allow_player_pause=\u00bboff\u00bb inner_shadow=\u00bboff\u00bb parallax=\u00bboff\u00bb parallax_method=\u00bboff\u00bb padding_mobile=\u00bboff\u00bb make_fullwidth=\u00bboff\u00bb use_custom_width=\u00bboff\u00bb width_unit=\u00bboff\u00bb make_equal=\u00bboff\u00bb use_custom_gutter=\u00bboff\u00bb fullwidth=\u00bboff\u00bb specialty=\u00bboff\u00bb disabled=\u00bboff\u00bb disabled_on=\u00bboff||\u00bb][et_pb_row admin_label=\u00bbFila\u00bb make_fullwidth=\u00bboff\u00bb use_custom_width=\u00bboff\u00bb width_unit=\u00bboff\u00bb custom_width_px=\u00bb1080px\u00bb custom_width_percent=\u00bb80%\u00bb use_custom_gutter=\u00bboff\u00bb gutter_width=\u00bb2&#8243; padding_mobile=\u00bboff\u00bb allow_player_pause=\u00bboff\u00bb parallax=\u00bboff\u00bb parallax_method=\u00bbon\u00bb make_equal=\u00bboff\u00bb column_padding_mobile=\u00bbon\u00bb parallax_1=\u00bboff\u00bb parallax_method_1=\u00bbon\u00bb parallax_2=\u00bboff\u00bb parallax_method_2=\u00bbon\u00bb parallax_3=\u00bboff\u00bb parallax_method_3=\u00bbon\u00bb parallax_4=\u00bboff\u00bb parallax_method_4=\u00bbon\u00bb disabled=\u00bboff\u00bb][et_pb_column type=\u00bb4_4&#8243;][et_pb_text admin_label=\u00bbTexto\u00bb background_layout=\u00bblight\u00bb text_orientation=\u00bbleft\u00bb disabled_on=\u00bb|on|on\u00bb use_border_color=\u00bboff\u00bb border_style=\u00bbsolid\u00bb disabled=\u00bboff\u00bb] [\/et_pb_text][et_pb_text admin_label=\u00bbTexto\u00bb background_layout=\u00bblight\u00bb text_orientation=\u00bbcenter\u00bb use_border_color=\u00bboff\u00bb border_style=\u00bbsolid\u00bb disabled=\u00bboff\u00bb border_color=\u00bb#ffffff\u00bb]<\/p>\n<h1 style=\"text-align: center;\"><strong>EG Comunicaci\u00f3n.\u00a0<\/strong><\/h1>\n<p>[\/et_pb_text][\/et_pb_column][\/et_pb_row][et_pb_row admin_label=\u00bbFila\u00bb make_fullwidth=\u00bboff\u00bb use_custom_width=\u00bbon\u00bb width_unit=\u00bbon\u00bb custom_width_px=\u00bb1080px\u00bb custom_width_percent=\u00bb80%\u00bb use_custom_gutter=\u00bboff\u00bb gutter_width=\u00bb2&#8243; padding_mobile=\u00bboff\u00bb allow_player_pause=\u00bboff\u00bb parallax=\u00bboff\u00bb parallax_method=\u00bboff\u00bb make_equal=\u00bboff\u00bb column_padding_mobile=\u00bbon\u00bb parallax_1=\u00bboff\u00bb parallax_method_1=\u00bboff\u00bb parallax_2=\u00bboff\u00bb parallax_method_2=\u00bboff\u00bb parallax_3=\u00bboff\u00bb parallax_method_3=\u00bboff\u00bb parallax_4=\u00bboff\u00bb parallax_method_4=\u00bbon\u00bb disabled=\u00bboff\u00bb][et_pb_column type=\u00bb1_3&#8243;][et_pb_text admin_label=\u00bbTexto\u00bb background_layout=\u00bblight\u00bb text_orientation=\u00bbleft\u00bb use_border_color=\u00bboff\u00bb border_style=\u00bbsolid\u00bb disabled=\u00bboff\u00bb border_color=\u00bb#ffffff\u00bb]<\/p>\n<h2><strong>Pasi\u00f3n.<\/strong><\/h2>\n<p>Lo confesamos, <strong>\u00a1este mundo nos apasiona!<\/strong> Forma parte de nuestro <strong>ADN gr\u00e1fico<\/strong>. Continuamente observamos\u00a0a nuestro alrededor tendencias, estrategias de marketing, arte gr\u00e1fico para saciar esta pasi\u00f3n, que despu\u00e9s <strong>transmitimos a nuestros clientes<\/strong>.<\/p>\n<h2><\/h2>\n<p>[\/et_pb_text][\/et_pb_column][et_pb_column type=\u00bb1_3&#8243;][et_pb_text admin_label=\u00bbTexto\u00bb background_layout=\u00bblight\u00bb text_orientation=\u00bbleft\u00bb use_border_color=\u00bboff\u00bb border_style=\u00bbsolid\u00bb disabled=\u00bboff\u00bb border_color=\u00bb#ffffff\u00bb]<\/p>\n<h2><strong>Experiencia.<\/strong><\/h2>\n<p><strong>20\u00a0a\u00f1os de experiencia<\/strong>\u00a0trabajando en el sector y realizando proyectos\u00a0adaptados a muy diversos clientes, avalan la <strong>exclusividad<\/strong> de nuestros trabajos.<strong> \u00a1Nos gusta este Adjetivo!<\/strong> todo lo que no sea \u00abigual\u00bb nos supone un reto que nos hace <strong>crecer<\/strong>\u00a0de experiencias.<\/p>\n<h2><\/h2>\n<p>[\/et_pb_text][\/et_pb_column][et_pb_column type=\u00bb1_3&#8243;][et_pb_text admin_label=\u00bbTexto\u00bb background_layout=\u00bblight\u00bb text_orientation=\u00bbleft\u00bb use_border_color=\u00bboff\u00bb border_style=\u00bbsolid\u00bb disabled=\u00bboff\u00bb border_color=\u00bb#ffffff\u00bb]<\/p>\n<h2><strong>El ser.\u00a0<\/strong><\/h2>\n<p>Nuestra metodolog\u00eda de trabajo enfatiza la <strong>importancia del SER<\/strong> por encima del HACER. Empieza desde una\u00a0<strong>reflexi\u00f3n<\/strong> compartida con nuestro interlocutor,\u00a0para que de una <strong>forma conjunta<\/strong> se vayan desgranando los pasos correctos y conseguir el <strong>objetivo final<\/strong>.<\/p>\n<p>[\/et_pb_text][\/et_pb_column][\/et_pb_row][\/et_pb_section][et_pb_section admin_label=\u00bbSecci\u00f3n\u00bb fullwidth=\u00bbon\u00bb specialty=\u00bboff\u00bb][et_pb_fullwidth_map admin_label=\u00bbMapa de anchura completa\u00bb address=\u00bbC\u00f3rdoba, Espa\u00f1a\u00bb zoom_level=\u00bb17&#8243; address_lat=\u00bb37.887915788059175&#8243; address_lng=\u00bb-4.782080461164464&#8243; mouse_wheel=\u00bboff\u00bb mobile_dragging=\u00bbon\u00bb] [et_pb_map_pin title=\u00bbEG Comunicaci\u00f3n\u00bb pin_address=\u00bbAv. Ronda de los Tejares, 26, 14001 C\u00f3rdoba, Espa\u00f1a\u00bb pin_address_lat=\u00bb37.88822937020624&#8243; pin_address_lng=\u00bb-4.7820001699752765&#8243;]<\/p>\n<h6>Av. Ronda de los Tejares, 24 \u00a04\u00ba-4 \u00a0 \u00a014001 C\u00f3rdoba. (Espa\u00f1a)<\/h6>\n<p>[\/et_pb_map_pin] [\/et_pb_fullwidth_map][\/et_pb_section][et_pb_section admin_label=\u00bbSecci\u00f3n\u00bb fullwidth=\u00bboff\u00bb specialty=\u00bboff\u00bb][et_pb_row admin_label=\u00bbFila\u00bb][et_pb_column type=\u00bb4_4&#8243;][et_pb_button admin_label=\u00bbBot\u00f3n\u00bb button_url=\u00bbhttp:\/\/www.egcomunicacion.es\/formulario-de-contacto\/\u00bb url_new_window=\u00bboff\u00bb button_text=\u00bb\u00bfEn qu\u00e9 le podemos ayudar?\u00bb button_alignment=\u00bbcenter\u00bb background_layout=\u00bblight\u00bb custom_button=\u00bbon\u00bb button_text_color=\u00bb#ccbb00&#8243; button_border_color=\u00bb#ccbb00&#8243; button_letter_spacing=\u00bb0&#8243; button_use_icon=\u00bbdefault\u00bb button_icon_placement=\u00bbright\u00bb button_on_hover=\u00bbon\u00bb button_letter_spacing_hover=\u00bb0&#8243;] [\/et_pb_button][\/et_pb_column][\/et_pb_row][\/et_pb_section]<\/p>\n","protected":false},"excerpt":{"rendered":"<p>Bienvenido a EG COMUNICACI\u00d3N &nbsp; &nbsp; &nbsp; &nbsp; &nbsp; &nbsp; &nbsp; &nbsp; &nbsp; &nbsp; &nbsp; &nbsp; &nbsp; &nbsp; &nbsp; &nbsp; &nbsp; &nbsp; &nbsp; &nbsp; &nbsp; &nbsp; &nbsp; Servicios: &nbsp; Creamos contenidos con lenguaje audiovisual profesional para convertir las im\u00e1genes en emociones. El esfuerzo por obtener la mejor instant\u00e1nea con una\u00a0edici\u00f3n\u00a0profesional, dan como resultado un producto [&hellip;]<\/p>\n","protected":false},"author":2,"featured_media":0,"parent":0,"menu_order":0,"comment_status":"closed","ping_status":"closed","template":"","meta":{"_et_pb_use_builder":"on","_et_pb_old_content":"","_et_gb_content_width":"","footnotes":""},"class_list":["post-449","page","type-page","status-publish","hentry"],"_links":{"self":[{"href":"https:\/\/egcomunicacion.es\/egcomunicacion\/wp-json\/wp\/v2\/pages\/449","targetHints":{"allow":["GET"]}}],"collection":[{"href":"https:\/\/egcomunicacion.es\/egcomunicacion\/wp-json\/wp\/v2\/pages"}],"about":[{"href":"https:\/\/egcomunicacion.es\/egcomunicacion\/wp-json\/wp\/v2\/types\/page"}],"author":[{"embeddable":true,"href":"https:\/\/egcomunicacion.es\/egcomunicacion\/wp-json\/wp\/v2\/users\/2"}],"replies":[{"embeddable":true,"href":"https:\/\/egcomunicacion.es\/egcomunicacion\/wp-json\/wp\/v2\/comments?post=449"}],"version-history":[{"count":270,"href":"https:\/\/egcomunicacion.es\/egcomunicacion\/wp-json\/wp\/v2\/pages\/449\/revisions"}],"predecessor-version":[{"id":1376,"href":"https:\/\/egcomunicacion.es\/egcomunicacion\/wp-json\/wp\/v2\/pages\/449\/revisions\/1376"}],"wp:attachment":[{"href":"https:\/\/egcomunicacion.es\/egcomunicacion\/wp-json\/wp\/v2\/media?parent=449"}],"curies":[{"name":"wp","href":"https:\/\/api.w.org\/{rel}","templated":true}]}}