{"id":62,"date":"2013-10-25T17:59:34","date_gmt":"2013-10-25T17:59:34","guid":{"rendered":"http:\/\/tontolabici.com\/egcomunicacion\/?page_id=62"},"modified":"2017-02-02T06:38:18","modified_gmt":"2017-02-02T06:38:18","slug":"diseno-grafico","status":"publish","type":"page","link":"https:\/\/egcomunicacion.es\/egcomunicacion\/diseno-grafico\/","title":{"rendered":"Dise\u00f1o gr\u00e1fico"},"content":{"rendered":"<p>[et_pb_section admin_label=\u00bbSecci\u00f3n\u00bb transparent_background=\u00bbon\u00bb allow_player_pause=\u00bbon\u00bb inner_shadow=\u00bboff\u00bb parallax=\u00bbon\u00bb parallax_method=\u00bbon\u00bb padding_mobile=\u00bboff\u00bb make_fullwidth=\u00bboff\u00bb use_custom_width=\u00bboff\u00bb width_unit=\u00bbon\u00bb make_equal=\u00bboff\u00bb use_custom_gutter=\u00bboff\u00bb fullwidth=\u00bbon\u00bb specialty=\u00bboff\u00bb disabled_on=\u00bboff|off|\u00bb disabled=\u00bboff\u00bb background_image=\u00bbhttp:\/\/www.egcomunicacion.es\/wp-content\/uploads\/2017\/02\/disen\u0303o-grafico.jpg\u00bb background_color=\u00bb#e09900&#8243;][et_pb_fullwidth_header admin_label=\u00bbT\u00edtulo de anchura completa\u00bb background_layout=\u00bbdark\u00bb text_orientation=\u00bbcenter\u00bb header_fullscreen=\u00bboff\u00bb header_scroll_down=\u00bboff\u00bb parallax=\u00bboff\u00bb parallax_method=\u00bboff\u00bb content_orientation=\u00bbcenter\u00bb image_orientation=\u00bbcenter\u00bb disabled_on=\u00bboff||\u00bb custom_button_one=\u00bboff\u00bb button_one_letter_spacing=\u00bb0&#8243; button_one_use_icon=\u00bbdefault\u00bb button_one_icon_placement=\u00bbright\u00bb button_one_on_hover=\u00bbon\u00bb button_one_letter_spacing_hover=\u00bb0&#8243; custom_button_two=\u00bboff\u00bb button_two_letter_spacing=\u00bb0&#8243; button_two_use_icon=\u00bbdefault\u00bb button_two_icon_placement=\u00bbright\u00bb button_two_on_hover=\u00bbon\u00bb button_two_letter_spacing_hover=\u00bb0&#8243; disabled=\u00bboff\u00bb background_color=\u00bbrgba(0,0,0,0)\u00bb]<\/p>\n<h1 style=\"text-align: center;\"><strong>Dise\u00f1o Gr\u00e1fico<\/strong><\/h1>\n<p>[\/et_pb_fullwidth_header][\/et_pb_section][et_pb_section admin_label=\u00bbSecci\u00f3n\u00bb fullwidth=\u00bboff\u00bb specialty=\u00bboff\u00bb transparent_background=\u00bbon\u00bb allow_player_pause=\u00bboff\u00bb inner_shadow=\u00bboff\u00bb parallax=\u00bbon\u00bb parallax_method=\u00bbon\u00bb padding_mobile=\u00bboff\u00bb make_fullwidth=\u00bboff\u00bb use_custom_width=\u00bboff\u00bb width_unit=\u00bbon\u00bb make_equal=\u00bboff\u00bb use_custom_gutter=\u00bboff\u00bb background_color=\u00bbrgba(0,0,0,0.11)\u00bb][et_pb_row admin_label=\u00bbFila\u00bb make_fullwidth=\u00bboff\u00bb use_custom_width=\u00bbon\u00bb width_unit=\u00bbon\u00bb use_custom_gutter=\u00bboff\u00bb padding_mobile=\u00bboff\u00bb allow_player_pause=\u00bboff\u00bb parallax=\u00bboff\u00bb parallax_method=\u00bboff\u00bb make_equal=\u00bboff\u00bb parallax_1=\u00bboff\u00bb parallax_method_1=\u00bboff\u00bb column_padding_mobile=\u00bbon\u00bb custom_width_px=\u00bb500px\u00bb][et_pb_column type=\u00bb4_4&#8243;][et_pb_text admin_label=\u00bbTexto\u00bb background_layout=\u00bblight\u00bb text_orientation=\u00bbleft\u00bb use_border_color=\u00bboff\u00bb border_color=\u00bb#ffffff\u00bb border_style=\u00bbsolid\u00bb]<\/p>\n<p>Damos forma y color a tus productos para que tengan el <strong>impacto visual<\/strong> que merecen. Dise\u00f1os a medida con un precio competitivo. Tratamos con mimo todos nuestros trabajos y elaboramos propuestas gr\u00e1ficas exclusivas. Realizamos la <strong>gesti\u00f3n y seguimiento de todo el proceso<\/strong> hasta la entrega final. Parte de la acreditaci\u00f3n como profesionales del sector, lo avalan <strong>a\u00f1os de experiencia en\u00a0la impartici\u00f3n\u00a0de\u00a0talleres de formaci\u00f3n<\/strong>.<\/p>\n<p>[\/et_pb_text][\/et_pb_column][\/et_pb_row][\/et_pb_section][et_pb_section admin_label=\u00bbsection\u00bb transparent_background=\u00bboff\u00bb allow_player_pause=\u00bboff\u00bb inner_shadow=\u00bboff\u00bb parallax=\u00bbon\u00bb parallax_method=\u00bbon\u00bb padding_mobile=\u00bboff\u00bb make_fullwidth=\u00bboff\u00bb use_custom_width=\u00bboff\u00bb width_unit=\u00bboff\u00bb make_equal=\u00bboff\u00bb use_custom_gutter=\u00bboff\u00bb fullwidth=\u00bboff\u00bb specialty=\u00bboff\u00bb disabled=\u00bboff\u00bb background_image=\u00bbhttp:\/\/www.egcomunicacion.es\/wp-content\/uploads\/2017\/02\/disen\u0303o-grafico-2.jpg\u00bb][et_pb_row admin_label=\u00bbFila\u00bb make_fullwidth=\u00bboff\u00bb use_custom_width=\u00bbon\u00bb width_unit=\u00bbon\u00bb use_custom_gutter=\u00bboff\u00bb padding_mobile=\u00bboff\u00bb allow_player_pause=\u00bboff\u00bb parallax=\u00bboff\u00bb parallax_method=\u00bboff\u00bb make_equal=\u00bboff\u00bb parallax_1=\u00bboff\u00bb parallax_method_1=\u00bboff\u00bb parallax_2=\u00bboff\u00bb parallax_method_2=\u00bboff\u00bb column_padding_mobile=\u00bbon\u00bb][et_pb_column type=\u00bb1_2&#8243;][et_pb_blurb admin_label=\u00bbAnuncio\u00bb title=\u00bbIMAGEN CORPORATIVA &#8211; BRANDING\u00bb url_new_window=\u00bboff\u00bb use_icon=\u00bboff\u00bb icon_color=\u00bb#eeee22&#8243; use_circle=\u00bboff\u00bb circle_color=\u00bb#eeee22&#8243; use_circle_border=\u00bboff\u00bb circle_border_color=\u00bb#eeee22&#8243; image=\u00bbhttp:\/\/www.egcomunicacion.es\/wp-content\/uploads\/2017\/02\/iconos-disen\u0303o-imagen-corporativa.gif\u00bb icon_placement=\u00bbtop\u00bb animation=\u00bbtop\u00bb background_layout=\u00bblight\u00bb text_orientation=\u00bbleft\u00bb use_icon_font_size=\u00bboff\u00bb use_border_color=\u00bboff\u00bb border_color=\u00bb#ffffff\u00bb border_style=\u00bbsolid\u00bb max_width=\u00bb150px\u00bb]<\/p>\n<header>Realizamos <strong>logotipos a medida, papeler\u00eda corporativa, packaging,<\/strong> <strong>manuales de identidad corporativa<\/strong>. Evaluamos el proyecto con el cliente, planificamos, dise\u00f1amos y retocamos para buscar el resultado deseado en todos nuestros trabajos de dise\u00f1o.<\/p>\n<div class=\"mk-process-detail\"><\/div>\n<\/header>\n<p>[\/et_pb_blurb][\/et_pb_column][et_pb_column type=\u00bb1_2&#8243;][et_pb_blurb admin_label=\u00bbAnuncio\u00bb title=\u00bbDISE\u00d1O PUBLICITARIO\u00bb url_new_window=\u00bboff\u00bb use_icon=\u00bboff\u00bb icon_color=\u00bb#eeee22&#8243; use_circle=\u00bboff\u00bb circle_color=\u00bb#eeee22&#8243; use_circle_border=\u00bboff\u00bb circle_border_color=\u00bb#eeee22&#8243; image=\u00bbhttp:\/\/www.egcomunicacion.es\/wp-content\/uploads\/2017\/02\/icono_publicidad.gif\u00bb icon_placement=\u00bbtop\u00bb animation=\u00bbtop\u00bb background_layout=\u00bblight\u00bb text_orientation=\u00bbleft\u00bb use_icon_font_size=\u00bboff\u00bb use_border_color=\u00bboff\u00bb border_color=\u00bb#ffffff\u00bb border_style=\u00bbsolid\u00bb max_width=\u00bb150px\u00bb]<\/p>\n<header>Con la misma filosof\u00eda de evaluar, planificar y dise\u00f1ar junto con nuestro cliente, realizamos todo tipo de dise\u00f1o publicitario como: <strong>flyers y carteles, folletos, d\u00edpticos, tr\u00edpticos, cat\u00e1logos, vallas publicitarias, rotulaci\u00f3n exterior, anuncios de prensa<\/strong> o cualquier otro producto que el cliente nos requiera.<\/header>\n<p>[\/et_pb_blurb][\/et_pb_column][\/et_pb_row][\/et_pb_section][et_pb_section admin_label=\u00bbSecci\u00f3n\u00bb fullwidth=\u00bboff\u00bb specialty=\u00bboff\u00bb transparent_background=\u00bboff\u00bb background_color=\u00bb#f7f7f7&#8243; allow_player_pause=\u00bboff\u00bb inner_shadow=\u00bboff\u00bb parallax=\u00bboff\u00bb parallax_method=\u00bboff\u00bb padding_mobile=\u00bboff\u00bb make_fullwidth=\u00bboff\u00bb use_custom_width=\u00bboff\u00bb width_unit=\u00bbon\u00bb make_equal=\u00bboff\u00bb use_custom_gutter=\u00bboff\u00bb][et_pb_row admin_label=\u00bbFila\u00bb make_fullwidth=\u00bboff\u00bb use_custom_width=\u00bbon\u00bb width_unit=\u00bbon\u00bb use_custom_gutter=\u00bbon\u00bb gutter_width=\u00bb0&#8243; padding_mobile=\u00bbon\u00bb allow_player_pause=\u00bboff\u00bb parallax=\u00bboff\u00bb parallax_method=\u00bboff\u00bb make_equal=\u00bbon\u00bb parallax_1=\u00bboff\u00bb parallax_method_1=\u00bboff\u00bb column_padding_mobile=\u00bbon\u00bb][et_pb_column type=\u00bb4_4&#8243;][et_pb_text admin_label=\u00bbTexto\u00bb background_layout=\u00bblight\u00bb text_orientation=\u00bbleft\u00bb use_border_color=\u00bboff\u00bb border_style=\u00bbsolid\u00bb disabled=\u00bboff\u00bb border_color=\u00bb#ffffff\u00bb]<\/p>\n<h2 style=\"text-align: center;\"><strong>Algunos trabajos de\u00a0Dise\u00f1o Gr\u00e1fico.<\/strong><\/h2>\n<p>&nbsp;<\/p>\n<p>[\/et_pb_text][et_pb_gallery admin_label=\u00bbGaler\u00eda\u00bb gallery_ids=\u00bb1235,1231,1226,1238,1229,1230,1250,1248,1249,1247,1246,1245,1244,1243,1242,1241,1240,1239,1237,1234,1233,1228,1227&#8243; fullwidth=\u00bboff\u00bb posts_number=\u00bb18&#8243; show_title_and_caption=\u00bboff\u00bb show_pagination=\u00bboff\u00bb background_layout=\u00bblight\u00bb auto=\u00bboff\u00bb zoom_icon_color=\u00bb#ffffff\u00bb hover_overlay_color=\u00bbrgba(255,255,255,0.9)\u00bb hover_icon=\u00bb%%57%%\u00bb caption_all_caps=\u00bboff\u00bb use_border_color=\u00bboff\u00bb border_color=\u00bb#ffffff\u00bb border_style=\u00bbsolid\u00bb custom_css_gallery_item=\u00bbmargin: 0 !important;||width: 16.66% !important;||clear: none !important;||\u00bb] [\/et_pb_gallery][\/et_pb_column][\/et_pb_row][et_pb_row admin_label=\u00bbFila\u00bb][et_pb_column type=\u00bb4_4&#8243;][et_pb_button admin_label=\u00bbBot\u00f3n\u00bb button_url=\u00bbhttp:\/\/www.egcomunicacion.es\/formulario-de-contacto\/\u00bb url_new_window=\u00bboff\u00bb button_text=\u00bb\u00bfEn qu\u00e9 te podemos ayudar?\u00bb button_alignment=\u00bbcenter\u00bb background_layout=\u00bblight\u00bb custom_button=\u00bbon\u00bb button_text_color=\u00bb#c4b300&#8243; button_bg_color=\u00bbrgba(255,255,255,0.24)\u00bb button_border_color=\u00bb#c4b300&#8243; button_letter_spacing=\u00bb0&#8243; button_use_icon=\u00bbdefault\u00bb button_icon_placement=\u00bbright\u00bb button_on_hover=\u00bbon\u00bb button_letter_spacing_hover=\u00bb0&#8243;] [\/et_pb_button][\/et_pb_column][\/et_pb_row][\/et_pb_section]<\/p>\n","protected":false},"excerpt":{"rendered":"<p>Dise\u00f1o Gr\u00e1fico Damos forma y color a tus productos para que tengan el impacto visual que merecen. Dise\u00f1os a medida con un precio competitivo. Tratamos con mimo todos nuestros trabajos y elaboramos propuestas gr\u00e1ficas exclusivas. Realizamos la gesti\u00f3n y seguimiento de todo el proceso hasta la entrega final. Parte de la acreditaci\u00f3n como profesionales del [&hellip;]<\/p>\n","protected":false},"author":2,"featured_media":141,"parent":0,"menu_order":0,"comment_status":"closed","ping_status":"closed","template":"","meta":{"_et_pb_use_builder":"on","_et_pb_old_content":"","_et_gb_content_width":"","footnotes":""},"class_list":["post-62","page","type-page","status-publish","has-post-thumbnail","hentry"],"_links":{"self":[{"href":"https:\/\/egcomunicacion.es\/egcomunicacion\/wp-json\/wp\/v2\/pages\/62","targetHints":{"allow":["GET"]}}],"collection":[{"href":"https:\/\/egcomunicacion.es\/egcomunicacion\/wp-json\/wp\/v2\/pages"}],"about":[{"href":"https:\/\/egcomunicacion.es\/egcomunicacion\/wp-json\/wp\/v2\/types\/page"}],"author":[{"embeddable":true,"href":"https:\/\/egcomunicacion.es\/egcomunicacion\/wp-json\/wp\/v2\/users\/2"}],"replies":[{"embeddable":true,"href":"https:\/\/egcomunicacion.es\/egcomunicacion\/wp-json\/wp\/v2\/comments?post=62"}],"version-history":[{"count":20,"href":"https:\/\/egcomunicacion.es\/egcomunicacion\/wp-json\/wp\/v2\/pages\/62\/revisions"}],"predecessor-version":[{"id":1279,"href":"https:\/\/egcomunicacion.es\/egcomunicacion\/wp-json\/wp\/v2\/pages\/62\/revisions\/1279"}],"wp:featuredmedia":[{"embeddable":true,"href":"https:\/\/egcomunicacion.es\/egcomunicacion\/wp-json\/wp\/v2\/media\/141"}],"wp:attachment":[{"href":"https:\/\/egcomunicacion.es\/egcomunicacion\/wp-json\/wp\/v2\/media?parent=62"}],"curies":[{"name":"wp","href":"https:\/\/api.w.org\/{rel}","templated":true}]}}