{"id":66,"date":"2013-10-25T17:59:58","date_gmt":"2013-10-25T17:59:58","guid":{"rendered":"http:\/\/tontolabici.com\/egcomunicacion\/?page_id=66"},"modified":"2017-02-02T06:37:23","modified_gmt":"2017-02-02T06:37:23","slug":"fotografia","status":"publish","type":"page","link":"https:\/\/egcomunicacion.es\/egcomunicacion\/fotografia\/","title":{"rendered":"Fotograf\u00eda"},"content":{"rendered":"<p>[et_pb_section admin_label=\u00bbSecci\u00f3n\u00bb transparent_background=\u00bboff\u00bb allow_player_pause=\u00bbon\u00bb inner_shadow=\u00bboff\u00bb parallax=\u00bbon\u00bb parallax_method=\u00bbon\u00bb padding_mobile=\u00bboff\u00bb make_fullwidth=\u00bboff\u00bb use_custom_width=\u00bboff\u00bb width_unit=\u00bbon\u00bb make_equal=\u00bboff\u00bb use_custom_gutter=\u00bboff\u00bb fullwidth=\u00bbon\u00bb specialty=\u00bboff\u00bb disabled_on=\u00bboff|off|\u00bb disabled=\u00bboff\u00bb background_image=\u00bbhttp:\/\/www.egcomunicacion.es\/wp-content\/uploads\/2014\/09\/saint-Michelle.jpg\u00bb][et_pb_fullwidth_header admin_label=\u00bbT\u00edtulo de anchura completa\u00bb background_layout=\u00bbdark\u00bb text_orientation=\u00bbcenter\u00bb header_fullscreen=\u00bboff\u00bb header_scroll_down=\u00bboff\u00bb parallax=\u00bboff\u00bb parallax_method=\u00bboff\u00bb content_orientation=\u00bbcenter\u00bb image_orientation=\u00bbcenter\u00bb disabled_on=\u00bboff||\u00bb custom_button_one=\u00bboff\u00bb button_one_letter_spacing=\u00bb0&#8243; button_one_use_icon=\u00bbdefault\u00bb button_one_icon_placement=\u00bbright\u00bb button_one_on_hover=\u00bbon\u00bb button_one_letter_spacing_hover=\u00bb0&#8243; custom_button_two=\u00bboff\u00bb button_two_letter_spacing=\u00bb0&#8243; button_two_use_icon=\u00bbdefault\u00bb button_two_icon_placement=\u00bbright\u00bb button_two_on_hover=\u00bbon\u00bb button_two_letter_spacing_hover=\u00bb0&#8243; disabled=\u00bboff\u00bb background_color=\u00bbrgba(0,0,0,0)\u00bb]<\/p>\n<h1 style=\"text-align: center;\"><strong>Fotograf\u00eda<\/strong><\/h1>\n<p>[\/et_pb_fullwidth_header][\/et_pb_section][et_pb_section admin_label=\u00bbSecci\u00f3n\u00bb fullwidth=\u00bboff\u00bb specialty=\u00bboff\u00bb transparent_background=\u00bbon\u00bb allow_player_pause=\u00bboff\u00bb inner_shadow=\u00bboff\u00bb parallax=\u00bbon\u00bb parallax_method=\u00bbon\u00bb padding_mobile=\u00bboff\u00bb make_fullwidth=\u00bboff\u00bb use_custom_width=\u00bboff\u00bb width_unit=\u00bbon\u00bb make_equal=\u00bboff\u00bb use_custom_gutter=\u00bboff\u00bb background_color=\u00bbrgba(0,0,0,0.11)\u00bb][et_pb_row admin_label=\u00bbFila\u00bb make_fullwidth=\u00bboff\u00bb use_custom_width=\u00bbon\u00bb width_unit=\u00bbon\u00bb use_custom_gutter=\u00bboff\u00bb padding_mobile=\u00bboff\u00bb allow_player_pause=\u00bboff\u00bb parallax=\u00bboff\u00bb parallax_method=\u00bboff\u00bb make_equal=\u00bboff\u00bb parallax_1=\u00bboff\u00bb parallax_method_1=\u00bboff\u00bb column_padding_mobile=\u00bbon\u00bb custom_width_px=\u00bb500px\u00bb][et_pb_column type=\u00bb4_4&#8243;][et_pb_text admin_label=\u00bbTexto\u00bb background_layout=\u00bblight\u00bb text_orientation=\u00bbleft\u00bb use_border_color=\u00bboff\u00bb border_color=\u00bb#ffffff\u00bb border_style=\u00bbsolid\u00bb]<\/p>\n<p>Nuestro esfuerzo por obtener la mejor instant\u00e1nea junto con una\u00a0edici\u00f3n\u00a0<strong>profesional<\/strong>, dan como resultado un producto <strong>m\u00e1s atractivo.\u00a0<\/strong>Esta estrecha relaci\u00f3n con la fotograf\u00eda nos ha llevado a ser galardonados en cert\u00e1menes y concursos a lo largo de nuestra trayectoria.<\/p>\n<p>[\/et_pb_text][\/et_pb_column][\/et_pb_row][\/et_pb_section][et_pb_section admin_label=\u00bbSecci\u00f3n\u00bb fullwidth=\u00bboff\u00bb specialty=\u00bboff\u00bb background_image=\u00bbhttp:\/\/www.egcomunicacion.es\/wp-content\/uploads\/2017\/02\/fotografi\u0301a_fondo-1.jpg\u00bb transparent_background=\u00bboff\u00bb allow_player_pause=\u00bboff\u00bb inner_shadow=\u00bboff\u00bb parallax=\u00bbon\u00bb parallax_method=\u00bbon\u00bb padding_mobile=\u00bboff\u00bb make_fullwidth=\u00bboff\u00bb use_custom_width=\u00bboff\u00bb width_unit=\u00bbon\u00bb make_equal=\u00bboff\u00bb use_custom_gutter=\u00bboff\u00bb][et_pb_row admin_label=\u00bbFila\u00bb make_fullwidth=\u00bboff\u00bb use_custom_width=\u00bbon\u00bb width_unit=\u00bbon\u00bb use_custom_gutter=\u00bboff\u00bb padding_mobile=\u00bboff\u00bb allow_player_pause=\u00bboff\u00bb parallax=\u00bboff\u00bb parallax_method=\u00bboff\u00bb make_equal=\u00bboff\u00bb parallax_1=\u00bboff\u00bb parallax_method_1=\u00bboff\u00bb parallax_2=\u00bboff\u00bb parallax_method_2=\u00bboff\u00bb parallax_3=\u00bboff\u00bb parallax_method_3=\u00bboff\u00bb column_padding_mobile=\u00bbon\u00bb][et_pb_column type=\u00bb1_3&#8243;][et_pb_blurb admin_label=\u00bbAnuncio\u00bb title=\u00bbFOTOGRAF\u00cdA A\u00c9REA\u00bb url_new_window=\u00bboff\u00bb use_icon=\u00bboff\u00bb icon_color=\u00bb#eeee22&#8243; use_circle=\u00bboff\u00bb circle_color=\u00bb#eeee22&#8243; use_circle_border=\u00bboff\u00bb circle_border_color=\u00bb#eeee22&#8243; image=\u00bbhttp:\/\/www.egcomunicacion.es\/wp-content\/uploads\/2017\/02\/drones.gif\u00bb icon_placement=\u00bbtop\u00bb animation=\u00bbtop\u00bb background_layout=\u00bblight\u00bb text_orientation=\u00bbleft\u00bb use_icon_font_size=\u00bboff\u00bb use_border_color=\u00bboff\u00bb border_color=\u00bb#ffffff\u00bb border_style=\u00bbsolid\u00bb max_width=\u00bb150px\u00bb]<\/p>\n<p>Disponemos de la <strong>titulaci\u00f3n oficial como piloto de Aeronaves RPAS<\/strong> (Drones) <strong>autorizado por AESA<\/strong> (Agencia Estatal\u00a0de Seguridad A\u00e9rea). Adem\u00e1s de material imprescindible para su uso y control con seguridad. La posibilidad del uso de\u00a0<strong>Drones<\/strong>\u00a0nos proporciona im\u00e1genes incre\u00edbles a un\u00a0<strong>coste muy contenido<\/strong>.<\/p>\n<p>[\/et_pb_blurb][\/et_pb_column][et_pb_column type=\u00bb1_3&#8243;][et_pb_blurb admin_label=\u00bbAnuncio\u00bb title=\u00bbFOTOGRAF\u00cdA PROFESIONAL.\u00bb url_new_window=\u00bboff\u00bb use_icon=\u00bboff\u00bb icon_color=\u00bb#eeee22&#8243; use_circle=\u00bboff\u00bb circle_color=\u00bb#eeee22&#8243; use_circle_border=\u00bboff\u00bb circle_border_color=\u00bb#eeee22&#8243; image=\u00bbhttp:\/\/www.egcomunicacion.es\/wp-content\/uploads\/2017\/02\/fotografi\u0301a.gif\u00bb icon_placement=\u00bbtop\u00bb animation=\u00bbtop\u00bb background_layout=\u00bblight\u00bb text_orientation=\u00bbleft\u00bb use_icon_font_size=\u00bboff\u00bb use_border_color=\u00bboff\u00bb border_color=\u00bb#ffffff\u00bb border_style=\u00bbsolid\u00bb max_width=\u00bb150px\u00bb]<\/p>\n<p>Disponemos de <strong>material fotogr\u00e1fico profesional<\/strong>, c\u00e1maras, filtros, estabilizadores, \u00f3pticas, iluminaci\u00f3n, para conseguir la fotograf\u00eda perfecta. Algunos de los cert\u00e1menes y concursos a los que nos hemos presentado as\u00ed han avalado nuestro buen hacer.<\/p>\n<p>[\/et_pb_blurb][\/et_pb_column][et_pb_column type=\u00bb1_3&#8243;][et_pb_blurb admin_label=\u00bbAnuncio\u00bb title=\u00bbPOSTPRODUCCI\u00d3N.\u00bb url_new_window=\u00bboff\u00bb use_icon=\u00bboff\u00bb icon_color=\u00bb#eeee22&#8243; use_circle=\u00bboff\u00bb circle_color=\u00bb#eeee22&#8243; use_circle_border=\u00bboff\u00bb circle_border_color=\u00bb#eeee22&#8243; image=\u00bbhttp:\/\/www.egcomunicacion.es\/wp-content\/uploads\/2017\/02\/postproduccion.gif\u00bb icon_placement=\u00bbtop\u00bb animation=\u00bbtop\u00bb background_layout=\u00bblight\u00bb text_orientation=\u00bbleft\u00bb use_icon_font_size=\u00bboff\u00bb use_border_color=\u00bboff\u00bb border_color=\u00bb#ffffff\u00bb border_style=\u00bbsolid\u00bb max_width=\u00bb150px\u00bb]<\/p>\n<p>Realizamos el revelado, retoque, foto composici\u00f3n, de nuestras instant\u00e1neas para\u00a0<strong>sacar el m\u00e1ximo\u00a0<\/strong><strong>partido<\/strong>\u00a0a nuestro producto fotogr\u00e1fico y utilizamos la <strong>fotograf\u00eda art\u00edstica<\/strong> como laboratorio de reciclado y formaci\u00f3n continua.<\/p>\n<p>[\/et_pb_blurb][\/et_pb_column][\/et_pb_row][\/et_pb_section][et_pb_section admin_label=\u00bbSecci\u00f3n\u00bb fullwidth=\u00bboff\u00bb specialty=\u00bboff\u00bb][et_pb_row admin_label=\u00bbFila\u00bb][et_pb_column type=\u00bb4_4&#8243;][et_pb_text admin_label=\u00bbTexto\u00bb background_layout=\u00bblight\u00bb text_orientation=\u00bbleft\u00bb use_border_color=\u00bboff\u00bb border_color=\u00bb#ffffff\u00bb border_style=\u00bbsolid\u00bb]<\/p>\n<h2 style=\"text-align: center;\"><strong>Premios en Fotograf\u00eda.<\/strong><\/h2>\n<p>[\/et_pb_text][\/et_pb_column][\/et_pb_row][et_pb_row admin_label=\u00bbFila\u00bb make_fullwidth=\u00bboff\u00bb use_custom_width=\u00bbon\u00bb width_unit=\u00bbon\u00bb use_custom_gutter=\u00bboff\u00bb padding_mobile=\u00bboff\u00bb allow_player_pause=\u00bboff\u00bb parallax=\u00bboff\u00bb parallax_method=\u00bboff\u00bb make_equal=\u00bboff\u00bb parallax_1=\u00bboff\u00bb parallax_method_1=\u00bboff\u00bb parallax_2=\u00bboff\u00bb parallax_method_2=\u00bboff\u00bb column_padding_mobile=\u00bbon\u00bb][et_pb_column type=\u00bb1_2&#8243;][et_pb_blurb admin_label=\u00bbAnuncio\u00bb title=\u00bbMientras todos duermen\u00bb url_new_window=\u00bboff\u00bb use_icon=\u00bboff\u00bb icon_color=\u00bb#eeee22&#8243; use_circle=\u00bboff\u00bb circle_color=\u00bb#eeee22&#8243; use_circle_border=\u00bboff\u00bb circle_border_color=\u00bb#eeee22&#8243; image=\u00bbhttp:\/\/www.egcomunicacion.es\/wp-content\/uploads\/2017\/02\/fotografia-finalista.gif\u00bb icon_placement=\u00bbtop\u00bb animation=\u00bbtop\u00bb background_layout=\u00bblight\u00bb text_orientation=\u00bbleft\u00bb use_icon_font_size=\u00bboff\u00bb use_border_color=\u00bboff\u00bb border_color=\u00bb#ffffff\u00bb border_style=\u00bbsolid\u00bb max_width=\u00bb100px\u00bb]<\/p>\n<p>Serie de Fotograf\u00edas Finalistas en el Concurso de Fotograf\u00eda Nocturna. A\u00f1o de Producci\u00f3n 2016.<\/p>\n<p>[\/et_pb_blurb][\/et_pb_column][et_pb_column type=\u00bb1_2&#8243;][et_pb_blurb admin_label=\u00bbAnuncio\u00bb title=\u00bbHoy Somos\u00bb url_new_window=\u00bboff\u00bb use_icon=\u00bboff\u00bb icon_color=\u00bb#eeee22&#8243; use_circle=\u00bboff\u00bb circle_color=\u00bb#eeee22&#8243; use_circle_border=\u00bboff\u00bb circle_border_color=\u00bb#eeee22&#8243; image=\u00bbhttp:\/\/www.egcomunicacion.es\/wp-content\/uploads\/2017\/02\/2premio.gif\u00bb icon_placement=\u00bbtop\u00bb animation=\u00bbtop\u00bb background_layout=\u00bblight\u00bb text_orientation=\u00bbleft\u00bb use_icon_font_size=\u00bboff\u00bb use_border_color=\u00bboff\u00bb border_color=\u00bb#ffffff\u00bb border_style=\u00bbsolid\u00bb max_width=\u00bb100px\u00bb]<\/p>\n<p>Audiovisual compuesto por 1500 fotograf\u00edas (Time Lapses). 2\u00ba Premio del Certamen Audiovisual del Parlamento de Andaluc\u00eda. A\u00f1o de producci\u00f3n 2013.<\/p>\n<p>[\/et_pb_blurb][\/et_pb_column][\/et_pb_row][\/et_pb_section][et_pb_section admin_label=\u00bbSecci\u00f3n\u00bb fullwidth=\u00bboff\u00bb specialty=\u00bboff\u00bb transparent_background=\u00bboff\u00bb background_color=\u00bb#f7f7f7&#8243; allow_player_pause=\u00bboff\u00bb inner_shadow=\u00bboff\u00bb parallax=\u00bbon\u00bb parallax_method=\u00bbon\u00bb padding_mobile=\u00bboff\u00bb make_fullwidth=\u00bboff\u00bb use_custom_width=\u00bboff\u00bb width_unit=\u00bbon\u00bb make_equal=\u00bboff\u00bb use_custom_gutter=\u00bboff\u00bb background_image=\u00bbhttp:\/\/www.egcomunicacion.es\/wp-content\/uploads\/2013\/10\/cafe.jpg\u00bb][et_pb_row admin_label=\u00bbFila\u00bb make_fullwidth=\u00bboff\u00bb use_custom_width=\u00bbon\u00bb width_unit=\u00bbon\u00bb use_custom_gutter=\u00bbon\u00bb gutter_width=\u00bb0&#8243; padding_mobile=\u00bbon\u00bb allow_player_pause=\u00bboff\u00bb parallax=\u00bboff\u00bb parallax_method=\u00bboff\u00bb make_equal=\u00bbon\u00bb parallax_1=\u00bboff\u00bb parallax_method_1=\u00bboff\u00bb column_padding_mobile=\u00bbon\u00bb][et_pb_column type=\u00bb4_4&#8243;][et_pb_text admin_label=\u00bbTexto\u00bb background_layout=\u00bblight\u00bb text_orientation=\u00bbleft\u00bb use_border_color=\u00bboff\u00bb border_style=\u00bbsolid\u00bb disabled=\u00bboff\u00bb border_color=\u00bb#ffffff\u00bb]<\/p>\n<h2 style=\"text-align: center;\"><strong>Trabajos fotogr\u00e1ficos\u00a0destacados:<\/strong><\/h2>\n<p>&nbsp;<\/p>\n<p>[\/et_pb_text][et_pb_gallery admin_label=\u00bbGaler\u00eda\u00bb gallery_ids=\u00bb1197,1193,1204,1189,1203,1191,1202,1199,1201,1200,1195,1196,1194,1192,1188,1190,1187,1198&#8243; fullwidth=\u00bboff\u00bb posts_number=\u00bb18&#8243; show_title_and_caption=\u00bboff\u00bb show_pagination=\u00bboff\u00bb background_layout=\u00bblight\u00bb auto=\u00bboff\u00bb zoom_icon_color=\u00bb#ffffff\u00bb hover_overlay_color=\u00bbrgba(255,255,255,0.9)\u00bb hover_icon=\u00bb%%57%%\u00bb caption_all_caps=\u00bboff\u00bb use_border_color=\u00bboff\u00bb border_color=\u00bb#ffffff\u00bb border_style=\u00bbsolid\u00bb custom_css_gallery_item=\u00bbmargin: 0 !important;||width: 16.66% !important;||clear: none !important;||\u00bb] [\/et_pb_gallery][\/et_pb_column][\/et_pb_row][et_pb_row admin_label=\u00bbFila\u00bb][et_pb_column type=\u00bb4_4&#8243;][et_pb_button admin_label=\u00bbBot\u00f3n\u00bb button_url=\u00bbhttp:\/\/www.egcomunicacion.es\/formulario-de-contacto\/\u00bb url_new_window=\u00bboff\u00bb button_text=\u00bb\u00bfEn qu\u00e9 te podemos ayudar?\u00bb button_alignment=\u00bbcenter\u00bb background_layout=\u00bblight\u00bb custom_button=\u00bbon\u00bb button_text_color=\u00bb#c4b300&#8243; button_bg_color=\u00bbrgba(255,255,255,0.24)\u00bb button_border_color=\u00bb#c4b300&#8243; button_letter_spacing=\u00bb0&#8243; button_use_icon=\u00bbdefault\u00bb button_icon_placement=\u00bbright\u00bb button_on_hover=\u00bbon\u00bb button_letter_spacing_hover=\u00bb0&#8243;] [\/et_pb_button][\/et_pb_column][\/et_pb_row][\/et_pb_section]<\/p>\n","protected":false},"excerpt":{"rendered":"<p>Fotograf\u00eda Nuestro esfuerzo por obtener la mejor instant\u00e1nea junto con una\u00a0edici\u00f3n\u00a0profesional, dan como resultado un producto m\u00e1s atractivo.\u00a0Esta estrecha relaci\u00f3n con la fotograf\u00eda nos ha llevado a ser galardonados en cert\u00e1menes y concursos a lo largo de nuestra trayectoria. Disponemos de la titulaci\u00f3n oficial como piloto de Aeronaves RPAS (Drones) autorizado por AESA (Agencia Estatal\u00a0de [&hellip;]<\/p>\n","protected":false},"author":2,"featured_media":140,"parent":0,"menu_order":0,"comment_status":"closed","ping_status":"closed","template":"","meta":{"_et_pb_use_builder":"on","_et_pb_old_content":"","_et_gb_content_width":"","footnotes":""},"class_list":["post-66","page","type-page","status-publish","has-post-thumbnail","hentry"],"_links":{"self":[{"href":"https:\/\/egcomunicacion.es\/egcomunicacion\/wp-json\/wp\/v2\/pages\/66","targetHints":{"allow":["GET"]}}],"collection":[{"href":"https:\/\/egcomunicacion.es\/egcomunicacion\/wp-json\/wp\/v2\/pages"}],"about":[{"href":"https:\/\/egcomunicacion.es\/egcomunicacion\/wp-json\/wp\/v2\/types\/page"}],"author":[{"embeddable":true,"href":"https:\/\/egcomunicacion.es\/egcomunicacion\/wp-json\/wp\/v2\/users\/2"}],"replies":[{"embeddable":true,"href":"https:\/\/egcomunicacion.es\/egcomunicacion\/wp-json\/wp\/v2\/comments?post=66"}],"version-history":[{"count":15,"href":"https:\/\/egcomunicacion.es\/egcomunicacion\/wp-json\/wp\/v2\/pages\/66\/revisions"}],"predecessor-version":[{"id":1278,"href":"https:\/\/egcomunicacion.es\/egcomunicacion\/wp-json\/wp\/v2\/pages\/66\/revisions\/1278"}],"wp:featuredmedia":[{"embeddable":true,"href":"https:\/\/egcomunicacion.es\/egcomunicacion\/wp-json\/wp\/v2\/media\/140"}],"wp:attachment":[{"href":"https:\/\/egcomunicacion.es\/egcomunicacion\/wp-json\/wp\/v2\/media?parent=66"}],"curies":[{"name":"wp","href":"https:\/\/api.w.org\/{rel}","templated":true}]}}