{"id":68,"date":"2013-10-25T18:00:16","date_gmt":"2013-10-25T18:00:16","guid":{"rendered":"http:\/\/tontolabici.com\/egcomunicacion\/?page_id=68"},"modified":"2023-03-28T14:54:58","modified_gmt":"2023-03-28T14:54:58","slug":"comunicacion-2-0","status":"publish","type":"page","link":"https:\/\/egcomunicacion.es\/egcomunicacion\/comunicacion-2-0\/","title":{"rendered":"Comunicaci\u00f3n 2.0"},"content":{"rendered":"\n[et_pb_section admin_label=\u00bbSecci\u00f3n\u00bb transparent_background=\u00bboff\u00bb allow_player_pause=\u00bbon\u00bb inner_shadow=\u00bboff\u00bb parallax=\u00bboff\u00bb parallax_method=\u00bboff\u00bb padding_mobile=\u00bboff\u00bb make_fullwidth=\u00bboff\u00bb use_custom_width=\u00bboff\u00bb width_unit=\u00bbon\u00bb make_equal=\u00bboff\u00bb use_custom_gutter=\u00bboff\u00bb fullwidth=\u00bbon\u00bb specialty=\u00bboff\u00bb disabled_on=\u00bboff|off|\u00bb disabled=\u00bboff\u00bb background_image=\u00bbhttp:\/\/www.egcomunicacion.es\/wp-content\/uploads\/2017\/02\/disen\u0303o-grafico-2.jpg\u00bb][et_pb_fullwidth_header admin_label=\u00bbT\u00edtulo de anchura completa\u00bb background_layout=\u00bbdark\u00bb text_orientation=\u00bbcenter\u00bb header_fullscreen=\u00bboff\u00bb header_scroll_down=\u00bboff\u00bb parallax=\u00bboff\u00bb parallax_method=\u00bboff\u00bb content_orientation=\u00bbcenter\u00bb image_orientation=\u00bbcenter\u00bb disabled_on=\u00bboff||\u00bb custom_button_one=\u00bboff\u00bb button_one_letter_spacing=\u00bb0&#8243; button_one_use_icon=\u00bbdefault\u00bb button_one_icon_placement=\u00bbright\u00bb button_one_on_hover=\u00bbon\u00bb button_one_letter_spacing_hover=\u00bb0&#8243; custom_button_two=\u00bboff\u00bb button_two_letter_spacing=\u00bb0&#8243; button_two_use_icon=\u00bbdefault\u00bb button_two_icon_placement=\u00bbright\u00bb button_two_on_hover=\u00bbon\u00bb button_two_letter_spacing_hover=\u00bb0&#8243; disabled=\u00bboff\u00bb background_color=\u00bbrgba(0,0,0,0)\u00bb]\r\n<h1 style=\"text-align: center;\"><strong>Comunicaci\u00f3n en la Red<\/strong><\/h1>\r\n[\/et_pb_fullwidth_header][\/et_pb_section][et_pb_section admin_label=\u00bbSecci\u00f3n\u00bb fullwidth=\u00bboff\u00bb specialty=\u00bboff\u00bb transparent_background=\u00bbon\u00bb allow_player_pause=\u00bboff\u00bb inner_shadow=\u00bboff\u00bb parallax=\u00bbon\u00bb parallax_method=\u00bbon\u00bb padding_mobile=\u00bboff\u00bb make_fullwidth=\u00bboff\u00bb use_custom_width=\u00bboff\u00bb width_unit=\u00bbon\u00bb make_equal=\u00bboff\u00bb use_custom_gutter=\u00bboff\u00bb background_color=\u00bbrgba(0,0,0,0.11)\u00bb][et_pb_row admin_label=\u00bbFila\u00bb make_fullwidth=\u00bboff\u00bb use_custom_width=\u00bbon\u00bb width_unit=\u00bbon\u00bb use_custom_gutter=\u00bboff\u00bb padding_mobile=\u00bboff\u00bb allow_player_pause=\u00bboff\u00bb parallax=\u00bboff\u00bb parallax_method=\u00bboff\u00bb make_equal=\u00bboff\u00bb parallax_1=\u00bboff\u00bb parallax_method_1=\u00bboff\u00bb column_padding_mobile=\u00bbon\u00bb custom_width_px=\u00bb500px\u00bb][et_pb_column type=\u00bb4_4&#8243;][et_pb_text admin_label=\u00bbTexto\u00bb background_layout=\u00bblight\u00bb text_orientation=\u00bbleft\u00bb use_border_color=\u00bboff\u00bb border_color=\u00bb#ffffff\u00bb border_style=\u00bbsolid\u00bb]\r\n\r\nApostamos por el medio Online y las Redes Sociales como herramientas\u00a0poderosas de Marketing. Nos tomamos muy en serio el <strong>marketing online, <\/strong>nuestros servicios buscan\u00a0<strong>ofrecer resultados<\/strong> en el <strong>impacto de la marca<\/strong>\u00a0con dise\u00f1os personalizados de web y en la <strong>materializaci\u00f3n<\/strong> de nuevos <strong>seguidores y clientes<\/strong> a trav\u00e9s de las redes sociales.\r\n\r\n[\/et_pb_text][\/et_pb_column][\/et_pb_row][\/et_pb_section][et_pb_section admin_label=\u00bbsection\u00bb transparent_background=\u00bboff\u00bb allow_player_pause=\u00bboff\u00bb inner_shadow=\u00bboff\u00bb parallax=\u00bbon\u00bb parallax_method=\u00bbon\u00bb padding_mobile=\u00bboff\u00bb make_fullwidth=\u00bboff\u00bb use_custom_width=\u00bboff\u00bb width_unit=\u00bboff\u00bb make_equal=\u00bboff\u00bb use_custom_gutter=\u00bboff\u00bb fullwidth=\u00bboff\u00bb specialty=\u00bboff\u00bb disabled=\u00bboff\u00bb][et_pb_row admin_label=\u00bbFila\u00bb make_fullwidth=\u00bboff\u00bb use_custom_width=\u00bbon\u00bb width_unit=\u00bbon\u00bb use_custom_gutter=\u00bboff\u00bb padding_mobile=\u00bboff\u00bb allow_player_pause=\u00bboff\u00bb parallax=\u00bboff\u00bb parallax_method=\u00bboff\u00bb make_equal=\u00bboff\u00bb parallax_1=\u00bboff\u00bb parallax_method_1=\u00bboff\u00bb parallax_2=\u00bboff\u00bb parallax_method_2=\u00bboff\u00bb column_padding_mobile=\u00bbon\u00bb][et_pb_column type=\u00bb1_2&#8243;][et_pb_blurb admin_label=\u00bbAnuncio\u00bb title=\u00bbSOCIAL MEDIA\u00bb url_new_window=\u00bboff\u00bb use_icon=\u00bboff\u00bb icon_color=\u00bb#eeee22&#8243; use_circle=\u00bboff\u00bb circle_color=\u00bb#eeee22&#8243; use_circle_border=\u00bboff\u00bb circle_border_color=\u00bb#eeee22&#8243; image=\u00bbhttp:\/\/www.egcomunicacion.es\/wp-content\/uploads\/2017\/02\/icono_redes.gif\u00bb icon_placement=\u00bbtop\u00bb animation=\u00bbtop\u00bb background_layout=\u00bblight\u00bb text_orientation=\u00bbleft\u00bb use_icon_font_size=\u00bboff\u00bb use_border_color=\u00bboff\u00bb border_color=\u00bb#ffffff\u00bb border_style=\u00bbsolid\u00bb max_width=\u00bb150px\u00bb]\r\n\r\nGestionamos tus <strong>campa\u00f1as de marketing<\/strong> y desarrollamos <strong>estrategias en Redes Sociales<\/strong>. Generamos contenidos para alimentar tus redes sociales y as\u00ed poder conectar con tu p\u00fablico, <strong>optimizando la inversi\u00f3n publicitaria<\/strong>.\r\n\r\n[\/et_pb_blurb][\/et_pb_column][et_pb_column type=\u00bb1_2&#8243;][et_pb_blurb admin_label=\u00bbAnuncio\u00bb title=\u00bbDISE\u00d1O WEB \u00bb url_new_window=\u00bboff\u00bb use_icon=\u00bboff\u00bb icon_color=\u00bb#eeee22&#8243; use_circle=\u00bboff\u00bb circle_color=\u00bb#eeee22&#8243; use_circle_border=\u00bboff\u00bb circle_border_color=\u00bb#eeee22&#8243; image=\u00bbhttp:\/\/www.egcomunicacion.es\/wp-content\/uploads\/2017\/02\/icono-disen\u0303o-web.gif\u00bb icon_placement=\u00bbtop\u00bb animation=\u00bbtop\u00bb background_layout=\u00bblight\u00bb text_orientation=\u00bbleft\u00bb use_icon_font_size=\u00bboff\u00bb use_border_color=\u00bboff\u00bb border_color=\u00bb#ffffff\u00bb border_style=\u00bbsolid\u00bb max_width=\u00bb150px\u00bb]\r\n<p class=\"textolista\">Realizamos p\u00e1ginas web\u00a0<strong>personalizados y atractivas<\/strong> para usuarios y buscadores. Optimizadas para una <strong>navegaci\u00f3n agradable y amigable<\/strong>, enfocada a la <strong>conversi\u00f3n org\u00e1nica de clientes<\/strong>. Todas nuestras web est\u00e1n <strong>adaptadas a dispositivos m\u00f3viles<\/strong>.<\/p>\r\n\r\n<h3 class=\"titulolista\"><\/h3>\r\n[\/et_pb_blurb][\/et_pb_column][\/et_pb_row][\/et_pb_section][et_pb_section admin_label=\u00bbSecci\u00f3n\u00bb fullwidth=\u00bboff\u00bb specialty=\u00bboff\u00bb transparent_background=\u00bboff\u00bb background_color=\u00bb#f7f7f7&#8243; allow_player_pause=\u00bboff\u00bb inner_shadow=\u00bboff\u00bb parallax=\u00bboff\u00bb parallax_method=\u00bboff\u00bb padding_mobile=\u00bboff\u00bb make_fullwidth=\u00bboff\u00bb use_custom_width=\u00bboff\u00bb width_unit=\u00bbon\u00bb make_equal=\u00bboff\u00bb use_custom_gutter=\u00bboff\u00bb background_image=\u00bbhttp:\/\/www.egcomunicacion.es\/wp-content\/uploads\/2013\/10\/cafe.jpg\u00bb][et_pb_row admin_label=\u00bbFila\u00bb make_fullwidth=\u00bboff\u00bb use_custom_width=\u00bbon\u00bb width_unit=\u00bbon\u00bb use_custom_gutter=\u00bbon\u00bb gutter_width=\u00bb0&#8243; padding_mobile=\u00bbon\u00bb allow_player_pause=\u00bboff\u00bb parallax=\u00bboff\u00bb parallax_method=\u00bboff\u00bb make_equal=\u00bbon\u00bb parallax_1=\u00bboff\u00bb parallax_method_1=\u00bboff\u00bb column_padding_mobile=\u00bbon\u00bb][et_pb_column type=\u00bb4_4&#8243;][et_pb_text admin_label=\u00bbTexto\u00bb background_layout=\u00bblight\u00bb text_orientation=\u00bbleft\u00bb use_border_color=\u00bboff\u00bb border_style=\u00bbsolid\u00bb disabled=\u00bboff\u00bb border_color=\u00bb#ffffff\u00bb]\r\n<h2 style=\"text-align: center;\"><strong>Web\u00b4s destacadas.<\/strong><\/h2>\r\n&nbsp;\r\n\r\n[\/et_pb_text][et_pb_gallery admin_label=\u00bbGaler\u00eda\u00bb gallery_ids=\u00bb1258,1257,1256&#8243; fullwidth=\u00bboff\u00bb posts_number=\u00bb3&#8243; show_title_and_caption=\u00bboff\u00bb show_pagination=\u00bboff\u00bb background_layout=\u00bblight\u00bb auto=\u00bboff\u00bb zoom_icon_color=\u00bb#ffffff\u00bb hover_overlay_color=\u00bbrgba(255,255,255,0.9)\u00bb hover_icon=\u00bb%%57%%\u00bb caption_all_caps=\u00bboff\u00bb use_border_color=\u00bboff\u00bb border_color=\u00bb#ffffff\u00bb border_style=\u00bbsolid\u00bb custom_css_gallery_item=\u00bbmargin: 0 !important;||width: 33% !important;||clear: none !important;||\u00bb] [\/et_pb_gallery][\/et_pb_column][\/et_pb_row][et_pb_row admin_label=\u00bbFila\u00bb][et_pb_column type=\u00bb4_4&#8243;][et_pb_button admin_label=\u00bbBot\u00f3n\u00bb button_url=\u00bbhttp:\/\/www.egcomunicacion.es\/formulario-de-contacto\/\u00bb url_new_window=\u00bboff\u00bb button_text=\u00bb\u00bfEn qu\u00e9 te podemos ayudar?\u00bb button_alignment=\u00bbcenter\u00bb background_layout=\u00bblight\u00bb custom_button=\u00bbon\u00bb button_text_color=\u00bb#c4b300&#8243; button_bg_color=\u00bbrgba(255,255,255,0.24)\u00bb button_border_color=\u00bb#c4b300&#8243; button_letter_spacing=\u00bb0&#8243; button_use_icon=\u00bbdefault\u00bb button_icon_placement=\u00bbright\u00bb button_on_hover=\u00bbon\u00bb button_letter_spacing_hover=\u00bb0&#8243;] [\/et_pb_button][\/et_pb_column][\/et_pb_row][\/et_pb_section]\n","protected":false},"excerpt":{"rendered":"<p>Comunicaci\u00f3n en la Red Apostamos por el medio Online y las Redes Sociales como herramientas\u00a0poderosas de Marketing. Nos tomamos muy en serio el marketing online, nuestros servicios buscan\u00a0ofrecer resultados en el impacto de la marca\u00a0con dise\u00f1os personalizados de web y en la materializaci\u00f3n de nuevos seguidores y clientes a trav\u00e9s de las redes sociales. Gestionamos [&hellip;]<\/p>\n","protected":false},"author":2,"featured_media":0,"parent":0,"menu_order":0,"comment_status":"closed","ping_status":"closed","template":"","meta":{"_et_pb_use_builder":"on","_et_pb_old_content":"","_et_gb_content_width":"","footnotes":""},"class_list":["post-68","page","type-page","status-publish","hentry"],"_links":{"self":[{"href":"https:\/\/egcomunicacion.es\/egcomunicacion\/wp-json\/wp\/v2\/pages\/68","targetHints":{"allow":["GET"]}}],"collection":[{"href":"https:\/\/egcomunicacion.es\/egcomunicacion\/wp-json\/wp\/v2\/pages"}],"about":[{"href":"https:\/\/egcomunicacion.es\/egcomunicacion\/wp-json\/wp\/v2\/types\/page"}],"author":[{"embeddable":true,"href":"https:\/\/egcomunicacion.es\/egcomunicacion\/wp-json\/wp\/v2\/users\/2"}],"replies":[{"embeddable":true,"href":"https:\/\/egcomunicacion.es\/egcomunicacion\/wp-json\/wp\/v2\/comments?post=68"}],"version-history":[{"count":8,"href":"https:\/\/egcomunicacion.es\/egcomunicacion\/wp-json\/wp\/v2\/pages\/68\/revisions"}],"predecessor-version":[{"id":1583,"href":"https:\/\/egcomunicacion.es\/egcomunicacion\/wp-json\/wp\/v2\/pages\/68\/revisions\/1583"}],"wp:attachment":[{"href":"https:\/\/egcomunicacion.es\/egcomunicacion\/wp-json\/wp\/v2\/media?parent=68"}],"curies":[{"name":"wp","href":"https:\/\/api.w.org\/{rel}","templated":true}]}}